{"id":14716,"date":"2022-06-02T04:22:38","date_gmt":"2022-06-02T02:22:38","guid":{"rendered":"https:\/\/elitetourseg.com\/?page_id=14716"},"modified":"2026-02-07T16:46:38","modified_gmt":"2026-02-07T14:46:38","slug":"preguntas-frecuentes","status":"publish","type":"page","link":"https:\/\/elitetourseg.com\/?page_id=14716&lang=es","title":{"rendered":"Preguntas frecuentes"},"content":{"rendered":"\t\t<div data-elementor-type=\"wp-page\" data-elementor-id=\"14716\" class=\"elementor elementor-14716 elementor-314\">\n\t\t\t\t<div class=\"elementor-element elementor-element-104340b2 e-flex e-con-boxed e-con e-parent\" data-id=\"104340b2\" data-element_type=\"container\" data-e-type=\"container\">\n\t\t\t\t\t<div class=\"e-con-inner\">\n\t\t<div class=\"elementor-element elementor-element-1b801f32 e-flex e-con-boxed e-con e-child\" data-id=\"1b801f32\" data-element_type=\"container\" data-e-type=\"container\" data-settings=\"{&quot;background_background&quot;:&quot;classic&quot;}\">\n\t\t\t\t\t<div class=\"e-con-inner\">\n\t\t\t\t<div class=\"elementor-element elementor-element-617077b1 elementor-widget elementor-widget-heading\" data-id=\"617077b1\" data-element_type=\"widget\" data-e-type=\"widget\" data-widget_type=\"heading.default\">\n\t\t\t\t<div class=\"elementor-widget-container\">\n\t\t\t\t\t<div class=\"elementor-heading-title elementor-size-default\">Preguntas frecuentes<\/div>\t\t\t\t<\/div>\n\t\t\t\t<\/div>\n\t\t\t\t<div class=\"elementor-element elementor-element-2378b8a1 elementor-widget elementor-widget-spacer\" data-id=\"2378b8a1\" data-element_type=\"widget\" data-e-type=\"widget\" data-widget_type=\"spacer.default\">\n\t\t\t\t<div class=\"elementor-widget-container\">\n\t\t\t\t\t\t\t<div class=\"elementor-spacer\">\n\t\t\t<div class=\"elementor-spacer-inner\"><\/div>\n\t\t<\/div>\n\t\t\t\t\t\t<\/div>\n\t\t\t\t<\/div>\n\t\t\t\t\t<\/div>\n\t\t\t\t<\/div>\n\t\t<div class=\"elementor-element elementor-element-39dd0af8 e-flex e-con-boxed e-con e-child\" data-id=\"39dd0af8\" data-element_type=\"container\" data-e-type=\"container\" data-settings=\"{&quot;background_background&quot;:&quot;classic&quot;}\">\n\t\t\t\t\t<div class=\"e-con-inner\">\n\t\t\t\t<div class=\"elementor-element elementor-element-92096b7 elementor-widget elementor-widget-st_faq\" data-id=\"92096b7\" data-element_type=\"widget\" data-e-type=\"widget\" data-widget_type=\"st_faq.default\">\n\t\t\t\t<div class=\"elementor-widget-container\">\n\t\t\t\t\t    <div class=\"accordion faq-lib st-style5\" id=\"accordion_list_92096b7\">\r\n                    <div class=\"accordion-item\">\r\n                <h2 class=\"accordion-header\" id=\"heading_es-seguro-viajar-a-egipto\">\r\n                    <button class=\"accordion-button   collapsed\" type=\"button\" data-bs-toggle=\"collapse\" data-bs-target=\"#st-es-seguro-viajar-a-egipto\" aria-expanded=\"false\" aria-controls=\"es-seguro-viajar-a-egipto\">\r\n                        <span class=\"label\"><\/span>\r\n                        \u00bfEs seguro viajar a Egipto?                        <i class=\"stt-icon\"><\/i>\r\n                    <\/button>\r\n                <\/h2>\r\n                <div id=\"st-es-seguro-viajar-a-egipto\" class=\"accordion-collapse collapse \" aria-labelledby=\"heading_es-seguro-viajar-a-egipto\" data-bs-parent=\"#accordion_list_92096b7\">\r\n                    <div class=\"accordion-body\">\r\n                        Egipto es un destino seguro y acogedor para millones de turistas cada a\u00f1o. En Egy Nile, tu seguridad es nuestra m\u00e1xima prioridad. Proporcionamos gu\u00edas profesionales con licencia, transporte seguro y soporte 24\/7 para garantizar que tengas una experiencia c\u00f3moda y sin preocupaciones.                    <\/div>\r\n                <\/div>\r\n            <\/div>\r\n                    <div class=\"accordion-item\">\r\n                <h2 class=\"accordion-header\" id=\"heading_necesito-un-visado-para-visitar-egipto\">\r\n                    <button class=\"accordion-button   collapsed\" type=\"button\" data-bs-toggle=\"collapse\" data-bs-target=\"#st-necesito-un-visado-para-visitar-egipto\" aria-expanded=\"false\" aria-controls=\"necesito-un-visado-para-visitar-egipto\">\r\n                        <span class=\"label\"><\/span>\r\n                        \u00bfNecesito un visado para visitar Egipto?                        <i class=\"stt-icon\"><\/i>\r\n                    <\/button>\r\n                <\/h2>\r\n                <div id=\"st-necesito-un-visado-para-visitar-egipto\" class=\"accordion-collapse collapse \" aria-labelledby=\"heading_necesito-un-visado-para-visitar-egipto\" data-bs-parent=\"#accordion_list_92096b7\">\r\n                    <div class=\"accordion-body\">\r\n                        La mayor\u00eda de los viajeros internacionales necesitan un visado para entrar en Egipto. Los ciudadanos de muchos pa\u00edses pueden obtener un visado al llegar o solicitar un visado electr\u00f3nico en l\u00ednea antes de viajar. Recomendamos verificar los requisitos espec\u00edficos para tu pa\u00eds, y nuestro equipo estar\u00e1 encantado de ayudarte con los detalles.                    <\/div>\r\n                <\/div>\r\n            <\/div>\r\n                    <div class=\"accordion-item\">\r\n                <h2 class=\"accordion-header\" id=\"heading_puedo-personalizar-el-itinerario-de-mi-viaje\">\r\n                    <button class=\"accordion-button   collapsed\" type=\"button\" data-bs-toggle=\"collapse\" data-bs-target=\"#st-puedo-personalizar-el-itinerario-de-mi-viaje\" aria-expanded=\"false\" aria-controls=\"puedo-personalizar-el-itinerario-de-mi-viaje\">\r\n                        <span class=\"label\"><\/span>\r\n                        \u00bfPuedo personalizar el itinerario de mi viaje?                        <i class=\"stt-icon\"><\/i>\r\n                    <\/button>\r\n                <\/h2>\r\n                <div id=\"st-puedo-personalizar-el-itinerario-de-mi-viaje\" class=\"accordion-collapse collapse \" aria-labelledby=\"heading_puedo-personalizar-el-itinerario-de-mi-viaje\" data-bs-parent=\"#accordion_list_92096b7\">\r\n                    <div class=\"accordion-body\">\r\n                        \u00a1Absolutamente! Estamos especializados en la creaci\u00f3n de experiencias a medida. Tanto si quieres a\u00f1adir d\u00edas extra en Luxor, disfrutar de un paseo privado en faluca o centrarte en lugares hist\u00f3ricos espec\u00edficos, podemos ajustar cualquier programa para que coincida con tus intereses y horario.                    <\/div>\r\n                <\/div>\r\n            <\/div>\r\n                    <div class=\"accordion-item\">\r\n                <h2 class=\"accordion-header\" id=\"heading_qu\u00e9-est\u00e1-incluido-en-los-paquetes-tur\u00edsticos\">\r\n                    <button class=\"accordion-button   collapsed\" type=\"button\" data-bs-toggle=\"collapse\" data-bs-target=\"#st-qu\u00e9-est\u00e1-incluido-en-los-paquetes-tur\u00edsticos\" aria-expanded=\"false\" aria-controls=\"qu\u00e9-est\u00e1-incluido-en-los-paquetes-tur\u00edsticos\">\r\n                        <span class=\"label\"><\/span>\r\n                        \u00bfQu\u00e9 est\u00e1 incluido en los paquetes tur\u00edsticos?                        <i class=\"stt-icon\"><\/i>\r\n                    <\/button>\r\n                <\/h2>\r\n                <div id=\"st-qu\u00e9-est\u00e1-incluido-en-los-paquetes-tur\u00edsticos\" class=\"accordion-collapse collapse \" aria-labelledby=\"heading_qu\u00e9-est\u00e1-incluido-en-los-paquetes-tur\u00edsticos\" data-bs-parent=\"#accordion_list_92096b7\">\r\n                    <div class=\"accordion-body\">\r\n                        Nuestros paquetes est\u00e1n dise\u00f1ados para que no tengas que preocuparte por nada. Normalmente, incluyen alojamiento en hoteles, transporte nacional (vuelos\/trenes), visitas guiadas privadas, entradas a los sitios y traslados diarios. Las inclusiones espec\u00edficas se enumeran claramente en cada p\u00e1gina del tour.                    <\/div>\r\n                <\/div>\r\n            <\/div>\r\n                    <div class=\"accordion-item\">\r\n                <h2 class=\"accordion-header\" id=\"heading_c\u00f3mo-reservo-y-pago-mi-viaje\">\r\n                    <button class=\"accordion-button   collapsed\" type=\"button\" data-bs-toggle=\"collapse\" data-bs-target=\"#st-c\u00f3mo-reservo-y-pago-mi-viaje\" aria-expanded=\"false\" aria-controls=\"c\u00f3mo-reservo-y-pago-mi-viaje\">\r\n                        <span class=\"label\"><\/span>\r\n                        \u00bfC\u00f3mo reservo y pago mi viaje?                        <i class=\"stt-icon\"><\/i>\r\n                    <\/button>\r\n                <\/h2>\r\n                <div id=\"st-c\u00f3mo-reservo-y-pago-mi-viaje\" class=\"accordion-collapse collapse \" aria-labelledby=\"heading_c\u00f3mo-reservo-y-pago-mi-viaje\" data-bs-parent=\"#accordion_list_92096b7\">\r\n                    <div class=\"accordion-body\">\r\n                        Puedes reservar f\u00e1cilmente poni\u00e9ndote en contacto con nosotros a trav\u00e9s de nuestra p\u00e1gina web o correo electr\u00f3nico. Una vez que finalicemos tu itinerario, te proporcionaremos un enlace de pago seguro o los datos de la transferencia bancaria. Requerimos un dep\u00f3sito para asegurar tu reserva, y el resto se debe abonar antes de tu llegada.                    <\/div>\r\n                <\/div>\r\n            <\/div>\r\n            <\/div>\r\n\t\t\t\t<\/div>\n\t\t\t\t<\/div>\n\t\t\t\t\t<\/div>\n\t\t\t\t<\/div>\n\t\t\t\t\t<\/div>\n\t\t\t\t<\/div>\n\t\t\t\t<\/div>\n\t\t","protected":false},"excerpt":{"rendered":"<p>Preguntas frecuentes \u00bfEs seguro viajar a Egipto? Egipto es un destino seguro y acogedor para millones de turistas cada a\u00f1o. En Egy Nile, tu seguridad es nuestra m\u00e1xima prioridad. Proporcionamos gu\u00edas profesionales con licencia, transporte seguro y soporte 24\/7 para garantizar que tengas una experiencia c\u00f3moda y sin preocupaciones. \u00bfNecesito un visado para visitar Egipto? [&hellip;]<\/p>\n","protected":false},"author":3,"featured_media":0,"parent":0,"menu_order":0,"comment_status":"closed","ping_status":"closed","template":"template-blank.php","meta":{"_uag_custom_page_level_css":"","footnotes":""},"class_list":["post-14716","page","type-page","status-publish","has-post-thumbnail","hentry"],"_hostinger_reach_plugin_has_subscription_block":false,"_hostinger_reach_plugin_is_elementor":false,"uagb_featured_image_src":{"full":["https:\/\/placehold.co\/600x400",900,600],"thumbnail":["https:\/\/placehold.co\/600x400",900,600],"medium":["https:\/\/placehold.co\/600x400",900,600],"medium_large":["https:\/\/placehold.co\/600x400",900,600],"large":["https:\/\/placehold.co\/600x400",900,600],"1536x1536":["https:\/\/placehold.co\/600x400",900,600],"2048x2048":["https:\/\/placehold.co\/600x400",900,600],"woocommerce_thumbnail":["https:\/\/placehold.co\/600x400",900,600],"woocommerce_single":["https:\/\/placehold.co\/600x400",900,600],"woocommerce_gallery_thumbnail":["https:\/\/placehold.co\/600x400",900,600]},"uagb_author_info":{"display_name":"Egy Nile","author_link":"https:\/\/elitetourseg.com\/?author=3"},"uagb_comment_info":0,"uagb_excerpt":"Preguntas frecuentes \u00bfEs seguro viajar a Egipto? Egipto es un destino seguro y acogedor para millones de turistas cada a\u00f1o. En Egy Nile, tu seguridad es nuestra m\u00e1xima prioridad. Proporcionamos gu\u00edas profesionales con licencia, transporte seguro y soporte 24\/7 para garantizar que tengas una experiencia c\u00f3moda y sin preocupaciones. \u00bfNecesito un visado para visitar Egipto?&hellip;","_links":{"self":[{"href":"https:\/\/elitetourseg.com\/index.php?rest_route=\/wp\/v2\/pages\/14716","targetHints":{"allow":["GET"]}}],"collection":[{"href":"https:\/\/elitetourseg.com\/index.php?rest_route=\/wp\/v2\/pages"}],"about":[{"href":"https:\/\/elitetourseg.com\/index.php?rest_route=\/wp\/v2\/types\/page"}],"author":[{"embeddable":true,"href":"https:\/\/elitetourseg.com\/index.php?rest_route=\/wp\/v2\/users\/3"}],"replies":[{"embeddable":true,"href":"https:\/\/elitetourseg.com\/index.php?rest_route=%2Fwp%2Fv2%2Fcomments&post=14716"}],"version-history":[{"count":1,"href":"https:\/\/elitetourseg.com\/index.php?rest_route=\/wp\/v2\/pages\/14716\/revisions"}],"predecessor-version":[{"id":14717,"href":"https:\/\/elitetourseg.com\/index.php?rest_route=\/wp\/v2\/pages\/14716\/revisions\/14717"}],"wp:attachment":[{"href":"https:\/\/elitetourseg.com\/index.php?rest_route=%2Fwp%2Fv2%2Fmedia&parent=14716"}],"curies":[{"name":"wp","href":"https:\/\/api.w.org\/{rel}","templated":true}]}}